{"id":39,"date":"2025-09-19T02:47:59","date_gmt":"2025-09-18T23:47:59","guid":{"rendered":"http:\/\/demositelerim.biz.tr\/universaletiket\/?page_id=39"},"modified":"2025-12-15T19:16:23","modified_gmt":"2025-12-15T16:16:23","slug":"ana-sayfa","status":"publish","type":"page","link":"https:\/\/universaletiket.com\/tr\/","title":{"rendered":"Ana Sayfa"},"content":{"rendered":"\t\t<div data-elementor-type=\"wp-page\" data-elementor-id=\"39\" class=\"elementor elementor-39\" data-elementor-post-type=\"page\">\n\t\t\t\t<div class=\"elementor-element elementor-element-53f5cdb e-con-full e-flex e-con e-parent\" data-id=\"53f5cdb\" data-element_type=\"container\">\n\t\t\t\t<div class=\"elementor-element elementor-element-c39a7c0 elementor-widget elementor-widget-slider_revolution\" data-id=\"c39a7c0\" data-element_type=\"widget\" data-widget_type=\"slider_revolution.default\">\n\t\t\t\t\t\n\t\t<div class=\"wp-block-themepunch-revslider\">\n\t\t\t\t<p class=\"rs-p-wp-fix\"><\/p>\n\t\t\t\t<sr7-module data-alias=\"slider-1\" data-id=\"1\" id=\"SR7_1_1\" class=\"rs-ov-hidden\" data-version=\"6.7.20\">\n\t\t\t\t\t<sr7-adjuster><\/sr7-adjuster>\n\t\t\t\t\t<sr7-content>\n\t\t\t\t\t\t<sr7-slide id=\"SR7_1_1-6\" data-key=\"6\">\n\t\t\t\t\t\t\t<sr7-bg id=\"SR7_1_1-6-1\" class=\"sr7-layer\"><noscript><img decoding=\"async\" src=\"https:\/\/demositelerim.biz.tr\/universaletiket\/wp-content\/uploads\/2025\/11\/Web-site-banner_V6-01-1.jpg\" alt=\"woven label turkey\" title=\"banner\"><\/noscript><\/sr7-bg>\n\t\t\t\t\t\t<\/sr7-slide>\n\t\t\t\t\t\t<sr7-slide id=\"SR7_1_1-3\" data-key=\"3\">\n\t\t\t\t\t\t\t<sr7-bg id=\"SR7_1_1-3-1\" class=\"sr7-layer\"><noscript><img decoding=\"async\" src=\"https:\/\/demositelerim.biz.tr\/universaletiket\/wp-content\/uploads\/2025\/11\/Web-site-banner_V5-08.jpg\" alt=\"dokuma etiket\" title=\"Web site banner_V5-08\"><\/noscript><\/sr7-bg>\n\t\t\t\t\t\t<\/sr7-slide>\n\t\t\t\t\t\t<sr7-slide id=\"SR7_1_1-4\" data-key=\"4\">\n\t\t\t\t\t\t\t<sr7-bg id=\"SR7_1_1-4-1\" class=\"sr7-layer\"><noscript><img decoding=\"async\" src=\"https:\/\/demositelerim.biz.tr\/universaletiket\/wp-content\/uploads\/2025\/11\/Web-site-banner_V5-06-1.jpg\" alt=\"woven label turkey\" title=\"Web site banner_V5-06\"><\/noscript><\/sr7-bg>\n\t\t\t\t\t\t<\/sr7-slide>\n\t\t\t\t\t\t<sr7-slide id=\"SR7_1_1-5\" data-key=\"5\">\n\t\t\t\t\t\t\t<sr7-bg id=\"SR7_1_1-5-1\" class=\"sr7-layer\"><noscript><img decoding=\"async\" src=\"https:\/\/demositelerim.biz.tr\/universaletiket\/wp-content\/uploads\/2025\/11\/Web-site-banner_V5-07.jpg\" alt=\"woven label turkey\" title=\"Web site banner_V5-07\"><\/noscript><\/sr7-bg>\n\t\t\t\t\t\t<\/sr7-slide>\n\t\t\t\t\t\t<sr7-slide id=\"SR7_1_1-7\" data-key=\"7\">\n\t\t\t\t\t\t\t<sr7-bg id=\"SR7_1_1-7-1\" class=\"sr7-layer\"><noscript><img decoding=\"async\" src=\"https:\/\/demositelerim.biz.tr\/universaletiket\/wp-content\/uploads\/2025\/11\/Web-site-banner_V5-1.jpg\" alt=\"woven label turkey\" title=\"Web site banner_V5\"><\/noscript><\/sr7-bg>\n\t\t\t\t\t\t<\/sr7-slide>\n\t\t\t\t\t\t<sr7-slide id=\"SR7_1_1-8\" data-key=\"8\">\n\t\t\t\t\t\t\t<sr7-bg id=\"SR7_1_1-8-1\" class=\"sr7-layer\"><noscript><img decoding=\"async\" src=\"https:\/\/demositelerim.biz.tr\/universaletiket\/wp-content\/uploads\/2025\/11\/Web-site-banner_V5-09.jpg\" alt=\"woven label turkey\" title=\"Web site banner_V5-09\"><\/noscript><\/sr7-bg>\n\t\t\t\t\t\t<\/sr7-slide>\n\t\t\t\t\t\t<sr7-slide id=\"SR7_1_1-2\" data-key=\"2\">\n\t\t\t\t\t\t<\/sr7-slide>\n\t\t\t\t\t<\/sr7-content>\n\t\t\t\t\t<image_lists style=\"display:none\">\n\t\t\t\t\t\t<img data-src=\"\/\/demositelerim.biz.tr\/universaletiket\/wp-content\/uploads\/2025\/11\/Web-site-banner_V5-08.jpg\" data-libid=\"330\" data-lib=\"medialibrary\" alt=\"dokuma etiket\" title=\"Web site banner_V5-08\" width=\"0\" height=\"0\" data-dbsrc=\"Ly9kZW1vc2l0ZWxlcmltLmJpei50ci91bml2ZXJzYWxldGlrZXQvd3AtY29udGVudC91cGxvYWRzLzIwMjUvMTEvV2ViLXNpdGUtYmFubmVyX1Y1LTA4LmpwZw==\"\/>\n\t\t\t\t\t\t<img data-src=\"\/\/demositelerim.biz.tr\/universaletiket\/wp-content\/uploads\/2025\/11\/Web-site-banner_V5-06-1.jpg\" data-libid=\"327\" data-lib=\"medialibrary\" alt=\"woven label turkey\" title=\"Web site banner_V5-06\" width=\"0\" height=\"0\" data-dbsrc=\"Ly9kZW1vc2l0ZWxlcmltLmJpei50ci91bml2ZXJzYWxldGlrZXQvd3AtY29udGVudC91cGxvYWRzLzIwMjUvMTEvV2ViLXNpdGUtYmFubmVyX1Y1LTA2LTEuanBn\"\/>\n\t\t\t\t\t\t<img data-src=\"\/\/demositelerim.biz.tr\/universaletiket\/wp-content\/uploads\/2025\/11\/Web-site-banner_V5-07.jpg\" data-libid=\"328\" data-lib=\"medialibrary\" alt=\"woven label turkey\" title=\"Web site banner_V5-07\" width=\"0\" height=\"0\" data-dbsrc=\"Ly9kZW1vc2l0ZWxlcmltLmJpei50ci91bml2ZXJzYWxldGlrZXQvd3AtY29udGVudC91cGxvYWRzLzIwMjUvMTEvV2ViLXNpdGUtYmFubmVyX1Y1LTA3LmpwZw==\"\/>\n\t\t\t\t\t\t<img loading=\"lazy\" data-src=\"\/\/demositelerim.biz.tr\/universaletiket\/wp-content\/uploads\/2025\/11\/Web-site-banner_V6-01-1.jpg\" data-libid=\"336\" data-lib=\"medialibrary\" alt=\"woven label turkey\" title=\"banner\" width=\"0\" height=\"0\" data-dbsrc=\"Ly9kZW1vc2l0ZWxlcmltLmJpei50ci91bml2ZXJzYWxldGlrZXQvd3AtY29udGVudC91cGxvYWRzLzIwMjUvMTEvV2ViLXNpdGUtYmFubmVyX1Y2LTAxLTEuanBn\"\/>\n\t\t\t\t\t\t<img loading=\"lazy\" data-src=\"\/\/demositelerim.biz.tr\/universaletiket\/wp-content\/uploads\/2025\/11\/Web-site-banner_V5-1.jpg\" data-libid=\"326\" data-lib=\"medialibrary\" alt=\"woven label turkey\" title=\"Web site banner_V5\" width=\"0\" height=\"0\" data-dbsrc=\"Ly9kZW1vc2l0ZWxlcmltLmJpei50ci91bml2ZXJzYWxldGlrZXQvd3AtY29udGVudC91cGxvYWRzLzIwMjUvMTEvV2ViLXNpdGUtYmFubmVyX1Y1LTEuanBn\"\/>\n\t\t\t\t\t\t<img loading=\"lazy\" data-src=\"\/\/demositelerim.biz.tr\/universaletiket\/wp-content\/uploads\/2025\/11\/Web-site-banner_V5-09.jpg\" data-libid=\"329\" data-lib=\"medialibrary\" alt=\"woven label turkey\" title=\"Web site banner_V5-09\" width=\"0\" height=\"0\" data-dbsrc=\"Ly9kZW1vc2l0ZWxlcmltLmJpei50ci91bml2ZXJzYWxldGlrZXQvd3AtY29udGVudC91cGxvYWRzLzIwMjUvMTEvV2ViLXNpdGUtYmFubmVyX1Y1LTA5LmpwZw==\"\/>\n\t\t\t\t\t<\/image_lists>\n\t\t\t\t<\/sr7-module>\n\t\t\t\t<script>\n\t\t\t\t\tSR7.PMH ??={}; SR7.PMH[\"SR7_1_1\"] = {cn:0,state:false,fn: function() { if (_tpt!==undefined && _tpt.prepareModuleHeight !== undefined) {  _tpt.prepareModuleHeight({id:\"SR7_1_1\",el:[500,500,768,960,720],type:'standard',shdw:'0',gh:[500,500,267,203,125],gw:[1920,1920,1024,778,480],vpt:['100px'],size:{fullWidth:true, fullHeight:false},mh:'0',onh:0,onw:0,bg:{color:'{\"orig\":\"transparent\",\"type\":\"solid\",\"string\":\"transparent\"}'}});   SR7.PMH[\"SR7_1_1\"].state=true;} else if((SR7.PMH[\"SR7_1_1\"].cn++)<100)\tsetTimeout( SR7.PMH[\"SR7_1_1\"].fn,19);}};SR7.PMH[\"SR7_1_1\" ].fn();\n\t\t\t\t<\/script>\n<\/div>\n\n\t\t\t\t\t\t<\/div>\n\t\t<div class=\"elementor-element elementor-element-f4188a3 e-flex e-con-boxed e-con e-child\" data-id=\"f4188a3\" data-element_type=\"container\">\n\t\t\t\t\t<div class=\"e-con-inner\">\n\t\t\t\t<div class=\"elementor-element elementor-element-baffd63 elementor-widget elementor-widget-heading\" data-id=\"baffd63\" data-element_type=\"widget\" data-widget_type=\"heading.default\">\n\t\t\t\t\t<h2 class=\"elementor-heading-title elementor-size-default\">\u00dcR\u00dcNLER\u0130M\u0130Z<\/h2>\t\t\t\t<\/div>\n\t\t\t\t\t<\/div>\n\t\t\t\t<\/div>\n\t\t\t\t<\/div>\n\t\t<div class=\"elementor-element elementor-element-72fd6dd urunleranasayfa e-flex e-con-boxed e-con e-parent\" data-id=\"72fd6dd\" data-element_type=\"container\">\n\t\t\t\t\t<div class=\"e-con-inner\">\n\t\t<div class=\"elementor-element elementor-element-dd89463 e-con-full e-flex e-con e-child\" data-id=\"dd89463\" data-element_type=\"container\">\n\t\t\t\t<div class=\"elementor-element elementor-element-3f7c277 elementor-position-top elementor-widget elementor-widget-image-box\" data-id=\"3f7c277\" data-element_type=\"widget\" data-widget_type=\"image-box.default\">\n\t\t\t\t\t<div class=\"elementor-image-box-wrapper\"><figure class=\"elementor-image-box-img\"><a href=\"https:\/\/universaletiket.com\/dokuma-etiket\/\" tabindex=\"-1\"><img loading=\"lazy\" decoding=\"async\" width=\"800\" height=\"544\" src=\"https:\/\/universaletiket.com\/wp-content\/uploads\/2025\/09\/kaplan-1024x696.jpg\" class=\"attachment-large size-large wp-image-43\" alt=\"dokuma etiket\" srcset=\"https:\/\/universaletiket.com\/wp-content\/uploads\/2025\/09\/kaplan-1024x696.jpg 1024w, https:\/\/universaletiket.com\/wp-content\/uploads\/2025\/09\/kaplan-300x204.jpg 300w, https:\/\/universaletiket.com\/wp-content\/uploads\/2025\/09\/kaplan-768x522.jpg 768w, https:\/\/universaletiket.com\/wp-content\/uploads\/2025\/09\/kaplan-1536x1043.jpg 1536w, https:\/\/universaletiket.com\/wp-content\/uploads\/2025\/09\/kaplan-2048x1391.jpg 2048w\" sizes=\"(max-width: 800px) 100vw, 800px\" \/><\/a><\/figure><div class=\"elementor-image-box-content\"><h3 class=\"elementor-image-box-title\"><a href=\"https:\/\/universaletiket.com\/dokuma-etiket\/\">Dokuma Etiket<\/a><\/h3><p class=\"elementor-image-box-description\">Woven Label Turkey<\/p><\/div><\/div>\t\t\t\t<\/div>\n\t\t\t\t<\/div>\n\t\t<div class=\"elementor-element elementor-element-7a2bfb7 e-con-full e-flex e-con e-child\" data-id=\"7a2bfb7\" data-element_type=\"container\">\n\t\t\t\t<div class=\"elementor-element elementor-element-b16e8e2 elementor-position-top elementor-widget elementor-widget-image-box\" data-id=\"b16e8e2\" data-element_type=\"widget\" data-widget_type=\"image-box.default\">\n\t\t\t\t\t<div class=\"elementor-image-box-wrapper\"><figure class=\"elementor-image-box-img\"><a href=\"https:\/\/universaletiket.com\/baski-etiket\/\" tabindex=\"-1\"><img loading=\"lazy\" decoding=\"async\" width=\"800\" height=\"534\" src=\"https:\/\/universaletiket.com\/wp-content\/uploads\/2025\/09\/SAHANE-ISIK-1024x683.jpg\" class=\"attachment-large size-large wp-image-44\" alt=\"bask\u0131 etiket\" srcset=\"https:\/\/universaletiket.com\/wp-content\/uploads\/2025\/09\/SAHANE-ISIK-1024x683.jpg 1024w, https:\/\/universaletiket.com\/wp-content\/uploads\/2025\/09\/SAHANE-ISIK-300x200.jpg 300w, https:\/\/universaletiket.com\/wp-content\/uploads\/2025\/09\/SAHANE-ISIK-768x512.jpg 768w, https:\/\/universaletiket.com\/wp-content\/uploads\/2025\/09\/SAHANE-ISIK-1536x1024.jpg 1536w, https:\/\/universaletiket.com\/wp-content\/uploads\/2025\/09\/SAHANE-ISIK.jpg 1800w\" sizes=\"(max-width: 800px) 100vw, 800px\" \/><\/a><\/figure><div class=\"elementor-image-box-content\"><h3 class=\"elementor-image-box-title\"><a href=\"https:\/\/universaletiket.com\/baski-etiket\/\">Bask\u0131 Etiket<\/a><\/h3><p class=\"elementor-image-box-description\">Printed Label Turkey<\/p><\/div><\/div>\t\t\t\t<\/div>\n\t\t\t\t<\/div>\n\t\t<div class=\"elementor-element elementor-element-755b03c e-con-full e-flex e-con e-child\" data-id=\"755b03c\" data-element_type=\"container\">\n\t\t\t\t<div class=\"elementor-element elementor-element-b494b59 elementor-position-top elementor-widget elementor-widget-image-box\" data-id=\"b494b59\" data-element_type=\"widget\" data-widget_type=\"image-box.default\">\n\t\t\t\t\t<div class=\"elementor-image-box-wrapper\"><figure class=\"elementor-image-box-img\"><a href=\"https:\/\/universaletiket.com\/arma-etiket\/\" tabindex=\"-1\"><img loading=\"lazy\" decoding=\"async\" width=\"615\" height=\"515\" src=\"https:\/\/universaletiket.com\/wp-content\/uploads\/2025\/09\/arma-etiket-4.jpg.webp\" class=\"attachment-large size-large wp-image-45\" alt=\"arma etiket\" srcset=\"https:\/\/universaletiket.com\/wp-content\/uploads\/2025\/09\/arma-etiket-4.jpg.webp 615w, https:\/\/universaletiket.com\/wp-content\/uploads\/2025\/09\/arma-etiket-4.jpg-300x251.webp 300w\" sizes=\"(max-width: 615px) 100vw, 615px\" \/><\/a><\/figure><div class=\"elementor-image-box-content\"><h3 class=\"elementor-image-box-title\"><a href=\"https:\/\/universaletiket.com\/arma-etiket\/\">Arma Etiket<\/a><\/h3><p class=\"elementor-image-box-description\">Badge Label Turkey<\/p><\/div><\/div>\t\t\t\t<\/div>\n\t\t\t\t<\/div>\n\t\t\t\t\t<\/div>\n\t\t\t\t<\/div>\n\t\t<div class=\"elementor-element elementor-element-84efcd1 urunleranasayfa e-flex e-con-boxed e-con e-parent\" data-id=\"84efcd1\" data-element_type=\"container\">\n\t\t\t\t\t<div class=\"e-con-inner\">\n\t\t<div class=\"elementor-element elementor-element-3416f7a e-con-full e-flex e-con e-child\" data-id=\"3416f7a\" data-element_type=\"container\">\n\t\t\t\t<div class=\"elementor-element elementor-element-299eeed elementor-position-top elementor-widget elementor-widget-image-box\" data-id=\"299eeed\" data-element_type=\"widget\" data-widget_type=\"image-box.default\">\n\t\t\t\t\t<div class=\"elementor-image-box-wrapper\"><figure class=\"elementor-image-box-img\"><a href=\"https:\/\/universaletiket.com\/karton-etiket\/\" tabindex=\"-1\"><img loading=\"lazy\" decoding=\"async\" width=\"694\" height=\"461\" src=\"https:\/\/universaletiket.com\/wp-content\/uploads\/2025\/09\/karton-7.jpg.webp\" class=\"attachment-large size-large wp-image-46\" alt=\"karton etiket\" srcset=\"https:\/\/universaletiket.com\/wp-content\/uploads\/2025\/09\/karton-7.jpg.webp 694w, https:\/\/universaletiket.com\/wp-content\/uploads\/2025\/09\/karton-7.jpg-300x199.webp 300w\" sizes=\"(max-width: 694px) 100vw, 694px\" \/><\/a><\/figure><div class=\"elementor-image-box-content\"><h3 class=\"elementor-image-box-title\"><a href=\"https:\/\/universaletiket.com\/karton-etiket\/\">Karton Etiket<\/a><\/h3><p class=\"elementor-image-box-description\">Cardboard Label<\/p><\/div><\/div>\t\t\t\t<\/div>\n\t\t\t\t<\/div>\n\t\t<div class=\"elementor-element elementor-element-4c175bd e-con-full e-flex e-con e-child\" data-id=\"4c175bd\" data-element_type=\"container\">\n\t\t\t\t<div class=\"elementor-element elementor-element-c01e89c elementor-position-top elementor-widget elementor-widget-image-box\" data-id=\"c01e89c\" data-element_type=\"widget\" data-widget_type=\"image-box.default\">\n\t\t\t\t\t<div class=\"elementor-image-box-wrapper\"><figure class=\"elementor-image-box-img\"><a href=\"https:\/\/universaletiket.com\/promosyon-urunler\/\" tabindex=\"-1\"><img loading=\"lazy\" decoding=\"async\" width=\"615\" height=\"515\" src=\"https:\/\/universaletiket.com\/wp-content\/uploads\/2025\/09\/promosyon-1.jpg.webp\" class=\"attachment-large size-large wp-image-47\" alt=\"woven label turkey\" srcset=\"https:\/\/universaletiket.com\/wp-content\/uploads\/2025\/09\/promosyon-1.jpg.webp 615w, https:\/\/universaletiket.com\/wp-content\/uploads\/2025\/09\/promosyon-1.jpg-300x251.webp 300w\" sizes=\"(max-width: 615px) 100vw, 615px\" \/><\/a><\/figure><div class=\"elementor-image-box-content\"><h3 class=\"elementor-image-box-title\"><a href=\"https:\/\/universaletiket.com\/promosyon-urunler\/\">Promosyon \u00dcr\u00fcnler<\/a><\/h3><p class=\"elementor-image-box-description\">Textile Label Turkey<\/p><\/div><\/div>\t\t\t\t<\/div>\n\t\t\t\t<\/div>\n\t\t<div class=\"elementor-element elementor-element-89a97f5 e-con-full e-flex e-con e-child\" data-id=\"89a97f5\" data-element_type=\"container\">\n\t\t\t\t<\/div>\n\t\t\t\t\t<\/div>\n\t\t\t\t<\/div>\n\t\t<div class=\"elementor-element elementor-element-9fa8fe0 e-flex e-con-boxed e-con e-parent\" data-id=\"9fa8fe0\" data-element_type=\"container\">\n\t\t\t\t\t<div class=\"e-con-inner\">\n\t\t\t\t<div class=\"elementor-element elementor-element-b17feb4 elementor-widget elementor-widget-heading\" data-id=\"b17feb4\" data-element_type=\"widget\" data-widget_type=\"heading.default\">\n\t\t\t\t\t<h1 class=\"elementor-heading-title elementor-size-default\">Universal Etiket - Woven Label Turkey<\/h1>\t\t\t\t<\/div>\n\t\t\t\t\t<\/div>\n\t\t\t\t<\/div>\n\t\t<div class=\"elementor-element elementor-element-c987c7e e-flex e-con-boxed e-con e-parent\" data-id=\"c987c7e\" data-element_type=\"container\" data-settings=\"{&quot;background_background&quot;:&quot;classic&quot;}\">\n\t\t\t\t\t<div class=\"e-con-inner\">\n\t\t<div class=\"elementor-element elementor-element-65d25ed e-con-full e-flex e-con e-child\" data-id=\"65d25ed\" data-element_type=\"container\">\n\t\t\t\t<div class=\"elementor-element elementor-element-0380f6c elementor-widget elementor-widget-heading\" data-id=\"0380f6c\" data-element_type=\"widget\" data-widget_type=\"heading.default\">\n\t\t\t\t\t<h3 class=\"elementor-heading-title elementor-size-default\">B\u0130Z K\u0130M\u0130Z?<\/h3>\t\t\t\t<\/div>\n\t\t\t\t<div class=\"elementor-element elementor-element-3816c23 elementor-widget elementor-widget-text-editor\" data-id=\"3816c23\" data-element_type=\"widget\" data-widget_type=\"text-editor.default\">\n\t\t\t\t\t\t\t\t\t<p data-start=\"282\" data-end=\"722\">Universal Etiket olarak, markalar\u0131n kendilerini en do\u011fru ve etkili \u015fekilde ifade edebilmeleri i\u00e7in \u00f6zel ve yenilik\u00e7i etiket \u00e7\u00f6z\u00fcmleri sunuyoruz. Tekstil sekt\u00f6r\u00fcndeki bilgi birikimimiz ve \u00fcretim tecr\u00fcbemizle, yerli ve uluslararas\u0131 markalara y\u00fcksek kaliteli etiket \u00fcretimi ger\u00e7ekle\u015ftiriyoruz. \u00d6zellikle dokuma etiket <strong data-start=\"597\" data-end=\"621\">(woven label turkey)<\/strong> alan\u0131nda uzmanla\u015fm\u0131\u015f bir \u00fcretici olarak, T\u00fcrkiye\u2019den global pazarlara g\u00fcvenilir \u00e7\u00f6z\u00fcmler sa\u011fl\u0131yoruz.<\/p><p data-start=\"724\" data-end=\"1112\">Etiketler, bir markan\u0131n kimli\u011fini tamamlayan en \u00f6nemli unsurlardan biridir. Bu nedenle Universal Etiket olarak yaln\u0131zca bilgilendirici de\u011fil, ayn\u0131 zamanda estetik ve dayan\u0131kl\u0131 etiketler \u00fcretmeye odaklan\u0131yoruz. Tekstil sekt\u00f6r\u00fcnde faaliyet g\u00f6steren markalar i\u00e7in sundu\u011fumuz tekstil etiket \u00e7\u00f6z\u00fcmleri <strong data-start=\"1021\" data-end=\"1047\">(textile label turkey)<\/strong>, \u00fcr\u00fcnlerin profesyonel bir sunumla t\u00fcketiciye ula\u015fmas\u0131n\u0131 sa\u011flar.<\/p><p data-start=\"1114\" data-end=\"1482\">Uzmanl\u0131k alanlar\u0131m\u0131z aras\u0131nda dokuma etiket <strong data-start=\"1158\" data-end=\"1182\">(woven label turkey)<\/strong>, bask\u0131 etiketler, karton etiketler ve farkl\u0131 tekstil etiket t\u00fcrleri yer almaktad\u0131r. Dokuma etiketlerimiz, en kaliteli iplikler kullan\u0131larak modern \u00fcretim teknikleriyle haz\u0131rlan\u0131r. Bu etiketler, uzun \u00f6m\u00fcrl\u00fc yap\u0131s\u0131 ve \u015f\u0131k g\u00f6r\u00fcn\u00fcm\u00fc sayesinde \u00fcr\u00fcnlerinize de\u011fer katar ve markan\u0131z\u0131n alg\u0131s\u0131n\u0131 g\u00fc\u00e7lendirir.<\/p><p data-start=\"1484\" data-end=\"1892\">Bask\u0131 etiket \u00e7\u00f6z\u00fcmlerimiz, canl\u0131 renkler ve net bask\u0131 kalitesi ile markan\u0131z\u0131 \u00f6n plana \u00e7\u0131kar\u0131r. Tekstil etiket <strong data-start=\"1594\" data-end=\"1620\">(textile label turkey)<\/strong> \u00fcretiminde, her \u00fcr\u00fcn grubunun ihtiya\u00e7lar\u0131na uygun farkl\u0131 teknikler ve malzemeler kullan\u0131yoruz. Ti\u015f\u00f6rt, d\u0131\u015f giyim, i\u00e7 giyim, ev tekstili ve aksesuar \u00fcr\u00fcnleri i\u00e7in \u00f6zelle\u015ftirilmi\u015f etiket \u00e7\u00f6z\u00fcmleri sunarak markalar\u0131n hedef kitlesiyle g\u00fc\u00e7l\u00fc bir ba\u011f kurmas\u0131na destek oluyoruz.<\/p><p data-start=\"1894\" data-end=\"2291\">Universal Etiket\u2019te kalite, \u00fcretimin her a\u015famas\u0131nda \u00f6n plandad\u0131r. En son \u00fcretim teknolojilerini kullanarak, dokuma etiket <strong data-start=\"2016\" data-end=\"2040\">(woven label turkey)<\/strong> ve tekstil etiket <strong data-start=\"2059\" data-end=\"2085\">(textile label turkey)<\/strong> standartlar\u0131na uygun, y\u00fcksek dayan\u0131kl\u0131l\u0131\u011fa sahip \u00fcr\u00fcnler \u00fcretiyoruz. S\u00fcrekli geli\u015fen \u00fcretim y\u00f6ntemlerimiz sayesinde hem estetik hem de fonksiyonel a\u00e7\u0131dan beklentileri kar\u015f\u0131layan etiketler ortaya koyuyoruz.<\/p><p data-start=\"2293\" data-end=\"2620\">Tasar\u0131m s\u00fcrecinden \u00fcretime kadar t\u00fcm a\u015famalar\u0131 m\u00fc\u015fteri odakl\u0131 bir yakla\u015f\u0131mla y\u00f6netiyoruz. Markan\u0131z\u0131n kurumsal kimli\u011fini, renklerini ve hedef kitlesini analiz ederek en uygun etiket tasar\u0131m\u0131n\u0131 geli\u015ftiriyoruz. B\u00f6ylece etiketler, yaln\u0131zca bir \u00fcr\u00fcn detay\u0131 de\u011fil, markan\u0131z\u0131n hik\u00e2yesini anlatan etkili bir ileti\u015fim arac\u0131na d\u00f6n\u00fc\u015f\u00fcyor.<\/p><p data-start=\"2622\" data-end=\"2991\">T\u00fcrkiye merkezli bir etiket \u00fcreticisi olarak, h\u0131zl\u0131 \u00fcretim kapasitemiz ve zaman\u0131nda teslimat anlay\u0131\u015f\u0131m\u0131zla \u00f6ne \u00e7\u0131k\u0131yoruz. Dokuma etiket <strong data-start=\"2758\" data-end=\"2782\">(woven label turkey)<\/strong> ve tekstil etiket <strong data-start=\"2801\" data-end=\"2827\">(textile label turkey)<\/strong> aray\u0131\u015f\u0131nda olan firmalar i\u00e7in g\u00fcvenilir ve s\u00fcrd\u00fcr\u00fclebilir bir i\u015f orta\u011f\u0131 olmay\u0131 hedefliyoruz. Rekabet\u00e7i fiyat politikam\u0131zla, kaliteyi eri\u015filebilir hale getiriyoruz.<\/p><p data-start=\"2993\" data-end=\"3441\">Universal Etiket olarak vizyonumuz; kalite, estetik ve g\u00fcvenilirli\u011fi bir araya getirerek markalar\u0131n uzun vadeli ba\u015far\u0131s\u0131na katk\u0131 sa\u011flamakt\u0131r. \u00dcretti\u011fimiz her dokuma etiket <strong data-start=\"3165\" data-end=\"3189\">(woven label turkey)<\/strong> ve tekstil etiket <strong data-start=\"3208\" data-end=\"3234\">(textile label turkey)<\/strong> ile markalar\u0131n \u00fcr\u00fcnlerine de\u011fer kat\u0131yor, onlar\u0131 rakiplerinden ay\u0131ran g\u00fc\u00e7l\u00fc bir detay sunuyoruz. Tekstil etiket \u00e7\u00f6z\u00fcmlerinde profesyonel ve yenilik\u00e7i bir partner ar\u0131yorsan\u0131z, Universal Etiket do\u011fru adrestir.<\/p>\t\t\t\t\t\t\t\t<\/div>\n\t\t\t\t<\/div>\n\t\t<div class=\"elementor-element elementor-element-89e3c1f e-con-full e-flex e-con e-child\" data-id=\"89e3c1f\" data-element_type=\"container\">\n\t\t\t\t<div class=\"elementor-element elementor-element-d931064 elementor-widget elementor-widget-image\" data-id=\"d931064\" data-element_type=\"widget\" data-widget_type=\"image.default\">\n\t\t\t\t\t\t\t\t\t\t\t\t\t\t\t<img loading=\"lazy\" decoding=\"async\" width=\"800\" height=\"600\" src=\"https:\/\/universaletiket.com\/wp-content\/uploads\/2025\/09\/universal-etiket-logo-mockup-img-1024x768.jpg.webp\" class=\"attachment-large size-large wp-image-51\" alt=\"woven label turkey\" srcset=\"https:\/\/universaletiket.com\/wp-content\/uploads\/2025\/09\/universal-etiket-logo-mockup-img-1024x768.jpg.webp 1024w, https:\/\/universaletiket.com\/wp-content\/uploads\/2025\/09\/universal-etiket-logo-mockup-img-1024x768.jpg-300x225.webp 300w, https:\/\/universaletiket.com\/wp-content\/uploads\/2025\/09\/universal-etiket-logo-mockup-img-1024x768.jpg-768x576.webp 768w\" sizes=\"(max-width: 800px) 100vw, 800px\" \/>\t\t\t\t\t\t\t\t\t\t\t\t\t\t\t<\/div>\n\t\t\t\t<\/div>\n\t\t\t\t\t<\/div>\n\t\t\t\t<\/div>\n\t\t\t\t<\/div>\n\t\t","protected":false},"excerpt":{"rendered":"<p>\u00dcR\u00dcNLER\u0130M\u0130Z Dokuma Etiket Woven Label Turkey Bask\u0131 Etiket Printed Label Turkey Arma Etiket Badge Label Turkey Karton Etiket Cardboard Label Promosyon \u00dcr\u00fcnler Textile Label Turkey Universal Etiket &#8211; Woven Label Turkey B\u0130Z K\u0130M\u0130Z? Universal Etiket olarak, markalar\u0131n kendilerini en do\u011fru ve etkili \u015fekilde ifade edebilmeleri i\u00e7in \u00f6zel ve yenilik\u00e7i etiket \u00e7\u00f6z\u00fcmleri sunuyoruz. Tekstil sekt\u00f6r\u00fcndeki bilgi [&hellip;]<\/p>\n","protected":false},"author":1,"featured_media":0,"parent":0,"menu_order":0,"comment_status":"closed","ping_status":"closed","template":"","meta":{"footnotes":""},"class_list":["post-39","page","type-page","status-publish","hentry"],"_links":{"self":[{"href":"https:\/\/universaletiket.com\/tr\/wp-json\/wp\/v2\/pages\/39","targetHints":{"allow":["GET"]}}],"collection":[{"href":"https:\/\/universaletiket.com\/tr\/wp-json\/wp\/v2\/pages"}],"about":[{"href":"https:\/\/universaletiket.com\/tr\/wp-json\/wp\/v2\/types\/page"}],"author":[{"embeddable":true,"href":"https:\/\/universaletiket.com\/tr\/wp-json\/wp\/v2\/users\/1"}],"replies":[{"embeddable":true,"href":"https:\/\/universaletiket.com\/tr\/wp-json\/wp\/v2\/comments?post=39"}],"version-history":[{"count":4,"href":"https:\/\/universaletiket.com\/tr\/wp-json\/wp\/v2\/pages\/39\/revisions"}],"predecessor-version":[{"id":819,"href":"https:\/\/universaletiket.com\/tr\/wp-json\/wp\/v2\/pages\/39\/revisions\/819"}],"wp:attachment":[{"href":"https:\/\/universaletiket.com\/tr\/wp-json\/wp\/v2\/media?parent=39"}],"curies":[{"name":"wp","href":"https:\/\/api.w.org\/{rel}","templated":true}]}}