{"id":108,"date":"2025-10-23T15:34:10","date_gmt":"2025-10-23T12:34:10","guid":{"rendered":"https:\/\/demositelerim.biz.tr\/universaletiket\/?page_id=108"},"modified":"2025-12-15T17:17:02","modified_gmt":"2025-12-15T14:17:02","slug":"hakkimizda","status":"publish","type":"page","link":"https:\/\/universaletiket.com\/tr\/hakkimizda\/","title":{"rendered":"Hakk\u0131m\u0131zda"},"content":{"rendered":"\t\t<div data-elementor-type=\"wp-page\" data-elementor-id=\"108\" class=\"elementor elementor-108\" data-elementor-post-type=\"page\">\n\t\t\t\t<div class=\"elementor-element elementor-element-112e0f1 e-flex e-con-boxed e-con e-parent\" data-id=\"112e0f1\" data-element_type=\"container\" data-settings=\"{&quot;background_background&quot;:&quot;classic&quot;}\">\n\t\t\t\t\t<div class=\"e-con-inner\">\n\t\t\t\t\t<\/div>\n\t\t\t\t<\/div>\n\t\t<div class=\"elementor-element elementor-element-c987c7e e-flex e-con-boxed e-con e-parent\" data-id=\"c987c7e\" data-element_type=\"container\">\n\t\t\t\t\t<div class=\"e-con-inner\">\n\t\t<div class=\"elementor-element elementor-element-89e3c1f e-con-full e-flex e-con e-child\" data-id=\"89e3c1f\" data-element_type=\"container\">\n\t\t\t\t<div class=\"elementor-element elementor-element-84bc78b elementor-widget elementor-widget-image\" data-id=\"84bc78b\" data-element_type=\"widget\" data-widget_type=\"image.default\">\n\t\t\t\t\t\t\t\t\t\t\t\t\t\t\t<img fetchpriority=\"high\" decoding=\"async\" width=\"800\" height=\"600\" src=\"https:\/\/universaletiket.com\/wp-content\/uploads\/2025\/10\/universal-etiket-logo-mockup-img-1024x768.jpg.webp\" class=\"attachment-large size-large wp-image-110\" alt=\"dokuma etiket\" srcset=\"https:\/\/universaletiket.com\/wp-content\/uploads\/2025\/10\/universal-etiket-logo-mockup-img-1024x768.jpg.webp 1024w, https:\/\/universaletiket.com\/wp-content\/uploads\/2025\/10\/universal-etiket-logo-mockup-img-1024x768.jpg-300x225.webp 300w, https:\/\/universaletiket.com\/wp-content\/uploads\/2025\/10\/universal-etiket-logo-mockup-img-1024x768.jpg-768x576.webp 768w\" sizes=\"(max-width: 800px) 100vw, 800px\" \/>\t\t\t\t\t\t\t\t\t\t\t\t\t\t\t<\/div>\n\t\t\t\t<\/div>\n\t\t<div class=\"elementor-element elementor-element-65d25ed e-con-full e-flex e-con e-child\" data-id=\"65d25ed\" data-element_type=\"container\">\n\t\t\t\t<div class=\"elementor-element elementor-element-3816c23 elementor-widget elementor-widget-text-editor\" data-id=\"3816c23\" data-element_type=\"widget\" data-widget_type=\"text-editor.default\">\n\t\t\t\t\t\t\t\t\t<p data-start=\"286\" data-end=\"792\"><a href=\"https:\/\/universaletiket.com\/hakkimizda\/#\"><strong data-start=\"286\" data-end=\"306\">Universal Etiket<\/strong><\/a>, markalar\u0131n kendilerini en do\u011fru ve etkili \u015fekilde ifade edebilmeleri i\u00e7in \u00f6zel etiket \u00e7\u00f6z\u00fcmleri sunan, tekstil etiketleri alan\u0131nda uzman bir \u00fcreticidir. Y\u0131llara dayanan sekt\u00f6r tecr\u00fcbemizle, markalar\u0131n kalite alg\u0131s\u0131n\u0131 g\u00fc\u00e7lendiren, estetik ve dayan\u0131kl\u0131 etiketler tasarl\u0131yor ve \u00fcretiyoruz. T\u00fcrkiye merkezli bir firma olarak, \u00f6zellikle dokuma etiket <strong data-start=\"654\" data-end=\"678\">(<a href=\"https:\/\/wovenlabelturkiye.com\" target=\"_blank\" rel=\"noopener\">woven label turkey<\/a>)<\/strong> ve tekstil etiket <strong data-start=\"697\" data-end=\"723\">(<a href=\"https:\/\/textilelabelturkey.com\" target=\"_blank\" rel=\"noopener\">textile label turkey<\/a>)<\/strong> \u00fcretiminde hem yerel hem de uluslararas\u0131 pazarlara hizmet veriyoruz.<\/p><p data-start=\"794\" data-end=\"1174\">Uzmanl\u0131k alanlar\u0131m\u0131z aras\u0131nda dokuma etiketler, bask\u0131 etiketler ve farkl\u0131 tekstil etiket \u00e7\u00f6z\u00fcmleri yer almaktad\u0131r. Universal Etiket olarak, her markan\u0131n kendine \u00f6zg\u00fc bir hik\u00e2yesi oldu\u011funa inan\u0131yor ve bu hik\u00e2yeyi en iyi \u015fekilde yans\u0131tan etiketler \u00fcretmeyi hedefliyoruz. Her detayda kalite ve esteti\u011fi bir araya getirerek, markan\u0131z\u0131n \u00f6zg\u00fcnl\u00fc\u011f\u00fcn\u00fc \u00f6n plana \u00e7\u0131karan \u00e7\u00f6z\u00fcmler sunuyoruz.<\/p><p data-start=\"1176\" data-end=\"1676\">Dokuma etiket <strong data-start=\"1190\" data-end=\"1214\">(<a href=\"https:\/\/wovenlabelturkiye.com\" target=\"_blank\" rel=\"noopener\">woven label turkey<\/a>)<\/strong> \u00fcretiminde, en kaliteli iplikler ve modern dokuma teknikleri kullan\u0131larak titizlikle \u00e7al\u0131\u015f\u0131yoruz. Dayan\u0131kl\u0131 yap\u0131lar\u0131 ve \u015f\u0131k g\u00f6r\u00fcn\u00fcmleri sayesinde dokuma etiketlerimiz, \u00fcr\u00fcnlerinize zarif bir dokunu\u015f katar ve uzun s\u00fcreli kullan\u0131m avantaj\u0131 sa\u011flar. Bask\u0131 etiket \u00e7\u00f6z\u00fcmlerimiz ise canl\u0131 renkler, net bask\u0131 kalitesi ve farkl\u0131 tasar\u0131m se\u00e7enekleriyle markan\u0131z\u0131 \u00f6ne \u00e7\u0131kar\u0131r. Universal Etiket, dokuma ve bask\u0131 etiketleriyle \u00fcr\u00fcn sunumunuzu profesyonel bir seviyeye ta\u015f\u0131r.<\/p><p data-start=\"259\" data-end=\"719\">Universal Etiket, <strong data-start=\"277\" data-end=\"301\">textile label turkey<\/strong> alan\u0131nda kalite, g\u00fcvenilirlik ve profesyonelli\u011fi bir araya getiren \u00fcretim anlay\u0131\u015f\u0131yla faaliyet g\u00f6stermektedir. Tekstil etiketlerinin, bir \u00fcr\u00fcn\u00fcn kimli\u011fini tamamlayan en \u00f6nemli unsurlardan biri oldu\u011funun bilinciyle, her projeye \u00f6zenle yakla\u015fmaktay\u0131z. <a href=\"https:\/\/wovenlabelturkiye.com\" target=\"_blank\" rel=\"noopener\"><strong data-start=\"552\" data-end=\"576\">Textile label turkey<\/strong><\/a> pazar\u0131nda edindi\u011fimiz deneyim sayesinde, farkl\u0131 tekstil segmentlerinin ihtiya\u00e7lar\u0131n\u0131 do\u011fru analiz ediyor ve markalara \u00f6zel \u00e7\u00f6z\u00fcmler sunuyoruz.<\/p><p data-start=\"721\" data-end=\"1158\">\u00dcretim s\u00fcre\u00e7lerimizde kullan\u0131lan malzemeler, uluslararas\u0131 kalite standartlar\u0131na uygun olarak se\u00e7ilmekte ve uzun \u00f6m\u00fcrl\u00fc kullan\u0131m hedeflenmektedir. Universal Etiket, <a href=\"https:\/\/textilelabelturkey.com\" target=\"_blank\" rel=\"noopener\"><strong data-start=\"885\" data-end=\"909\">textile label turkey<\/strong><\/a> kapsam\u0131nda hem estetik hem de fonksiyonel etiket \u00e7\u00f6z\u00fcmleri geli\u015ftirerek markalar\u0131n \u00fcr\u00fcn de\u011ferini art\u0131rmay\u0131 ama\u00e7lar. Etiketlerin renk, doku ve dayan\u0131kl\u0131l\u0131k a\u00e7\u0131s\u0131ndan beklentileri kar\u015f\u0131lamas\u0131 i\u00e7in \u00fcretimin her a\u015famas\u0131 titizlikle kontrol edilmektedir.<\/p><p data-start=\"1160\" data-end=\"1565\">M\u00fc\u015fteri odakl\u0131 yakla\u015f\u0131m\u0131m\u0131z sayesinde, her markan\u0131n kurumsal kimli\u011fine uygun textile label \u00e7\u00f6z\u00fcmleri sunmaktay\u0131z. <a href=\"https:\/\/textilelabelturkey.com\" target=\"_blank\" rel=\"noopener\"><strong data-start=\"1274\" data-end=\"1298\">Textile label turkey<\/strong><\/a> sekt\u00f6r\u00fcnde g\u00fcvenilir bir \u00fcretici olman\u0131n sorumlulu\u011fuyla, zaman\u0131nda teslimat, istikrarl\u0131 kalite ve s\u00fcrd\u00fcr\u00fclebilir \u00fcretim anlay\u0131\u015f\u0131n\u0131 \u00f6n planda tutuyoruz. Bu yakla\u015f\u0131m\u0131m\u0131z, Universal Etiket\u2019in uzun vadeli i\u015f birlikleri kurmas\u0131n\u0131 sa\u011flayan en \u00f6nemli de\u011ferlerinden biridir.<\/p>\t\t\t\t\t\t\t\t<\/div>\n\t\t\t\t<\/div>\n\t\t\t\t\t<\/div>\n\t\t\t\t<\/div>\n\t\t<div class=\"elementor-element elementor-element-6c63945 e-flex e-con-boxed e-con e-parent\" data-id=\"6c63945\" data-element_type=\"container\">\n\t\t\t\t\t<div class=\"e-con-inner\">\n\t\t<div class=\"elementor-element elementor-element-312c6e4 e-con-full e-flex e-con e-child\" data-id=\"312c6e4\" data-element_type=\"container\">\n\t\t\t\t<div class=\"elementor-element elementor-element-cf21ba1 elementor-widget elementor-widget-text-editor\" data-id=\"cf21ba1\" data-element_type=\"widget\" data-widget_type=\"text-editor.default\">\n\t\t\t\t\t\t\t\t\t<h3 data-start=\"1678\" data-end=\"1701\">Kalite ve Teknoloji<\/h3><p data-start=\"1703\" data-end=\"2233\">Universal Etiket olarak, en son \u00fcretim teknolojilerini kullanarak etiketlerimizi y\u00fcksek kalite standartlar\u0131na uygun \u015fekilde \u00fcretiyoruz. S\u00fcrekli geli\u015fen \u00fcretim y\u00f6ntemlerini takip ederek, hem tasar\u0131m hem de dayan\u0131kl\u0131l\u0131k a\u00e7\u0131s\u0131ndan en iyi sonu\u00e7lar\u0131 elde etmeyi ama\u00e7l\u0131yoruz. Dokuma etiket <strong data-start=\"1987\" data-end=\"2011\">(woven label turkey)<\/strong> ve tekstil etiket <strong data-start=\"2030\" data-end=\"2056\">(textile label turkey)<\/strong> \u00fcretiminde kaliteyi bir standart de\u011fil, bir sorumluluk olarak g\u00f6r\u00fcyoruz. Markan\u0131z\u0131n imaj\u0131n\u0131 en iyi \u015fekilde yans\u0131tacak etiketler \u00fcretmek i\u00e7in her a\u015famada titizlikle \u00e7al\u0131\u015f\u0131yoruz.<\/p><h3 data-start=\"2235\" data-end=\"2270\">M\u00fc\u015fteri Odakl\u0131l\u0131k ve \u0130\u015f Birli\u011fi<\/h3><p data-start=\"2272\" data-end=\"2762\">M\u00fc\u015fteri memnuniyeti, Universal Etiket\u2019in temel \u00f6nceliklerinden biridir. Her m\u00fc\u015fterimizin ihtiya\u00e7lar\u0131n\u0131n farkl\u0131 oldu\u011funun bilincindeyiz ve projelerinizi en iyi \u015fekilde anlayabilmek i\u00e7in detayl\u0131 bir \u00e7al\u0131\u015fma s\u00fcreci y\u00fcr\u00fct\u00fcyoruz. A\u00e7\u0131k ileti\u015fim ve g\u00fc\u00e7l\u00fc i\u015f birli\u011fi anlay\u0131\u015f\u0131yla, markan\u0131z\u0131n beklentilerine uygun etiket \u00e7\u00f6z\u00fcmleri geli\u015ftiriyoruz. <strong data-start=\"2609\" data-end=\"2633\">Textile label turkey<\/strong> pazar\u0131nda g\u00fcvenilir bir i\u015f orta\u011f\u0131 olmay\u0131 hedefleyerek, sizlerle uzun vadeli ve s\u00fcrd\u00fcr\u00fclebilir i\u015f birlikleri kurmay\u0131 ama\u00e7l\u0131yoruz.<\/p><h3 data-start=\"2764\" data-end=\"2806\">S\u00fcrd\u00fcr\u00fclebilirlik ve \u00c7evre Duyarl\u0131l\u0131\u011f\u0131<\/h3><p data-start=\"2808\" data-end=\"3286\">Universal Etiket olarak, \u00e7evre dostu \u00fcretim anlay\u0131\u015f\u0131n\u0131 benimsiyor ve s\u00fcrd\u00fcr\u00fclebilirli\u011fe b\u00fcy\u00fck \u00f6nem veriyoruz. \u00dcretim s\u00fcre\u00e7lerimizde \u00e7evresel etkileri en aza indirmeye y\u00f6nelik y\u00f6ntemler kullan\u0131yor, malzeme se\u00e7iminde do\u011faya duyarl\u0131 \u00e7\u00f6z\u00fcmleri tercih ediyoruz. Gelecek nesillere daha ya\u015fanabilir bir d\u00fcnya b\u0131rakma sorumlulu\u011fuyla, dokuma etiket <strong data-start=\"3148\" data-end=\"3172\">(woven label turkey)<\/strong> ve tekstil etiket <strong data-start=\"3191\" data-end=\"3217\">(textile label turkey)<\/strong> \u00fcretimimizi s\u00fcrd\u00fcr\u00fclebilir ilkeler do\u011frultusunda ger\u00e7ekle\u015ftiriyoruz.<\/p><p data-start=\"3288\" data-end=\"3624\">Markan\u0131z\u0131 en iyi \u015fekilde temsil eden etiketler yaratmak bizim tutkumuzdur. Universal Etiket olarak, her projeyi \u00f6zel bir yakla\u015f\u0131mla ele al\u0131r ve markan\u0131z\u0131n kimli\u011fini do\u011fru \u015fekilde yans\u0131tan \u00e7\u00f6z\u00fcmler sunar\u0131z. E\u011fer siz de markan\u0131z\u0131n de\u011ferini art\u0131racak profesyonel etiket \u00e7\u00f6z\u00fcmleri ar\u0131yorsan\u0131z, Universal Etiket ile ileti\u015fime ge\u00e7ebilirsiniz.<\/p><h3 data-start=\"179\" data-end=\"223\">Hayvan Dostu (Pet Friendly) Yakla\u015f\u0131m\u0131m\u0131z<\/h3><p data-start=\"225\" data-end=\"620\">Universal Etiket olarak, yaln\u0131zca kaliteli ve estetik etiket \u00e7\u00f6z\u00fcmleri \u00fcretmekle kalm\u0131yor, ayn\u0131 zamanda topluma ve \u00e7evreye kar\u015f\u0131 sorumluluklar\u0131m\u0131z\u0131n da bilincinde hareket ediyoruz. Bu sorumluluk anlay\u0131\u015f\u0131m\u0131z\u0131n \u00f6nemli bir par\u00e7as\u0131n\u0131, hayvanlara kar\u015f\u0131 duydu\u011fumuz sayg\u0131 ve sevgi olu\u015fturur. Firmam\u0131z, \u00e7al\u0131\u015fma ortam\u0131 ve kurumsal k\u00fclt\u00fcr\u00fcyle <strong data-start=\"558\" data-end=\"589\">hayvan dostu (pet friendly)<\/strong> bir yakla\u015f\u0131m\u0131 benimsemektedir.<\/p><p data-start=\"622\" data-end=\"1031\">Universal Etiket b\u00fcnyesinde, hayvanlar\u0131n ya\u015fam hakk\u0131na sayg\u0131 duyan, onlar\u0131 birer canl\u0131 olarak g\u00f6ren ve refahlar\u0131n\u0131 \u00f6nemseyen bir \u00e7al\u0131\u015fma anlay\u0131\u015f\u0131 bulunmaktad\u0131r. Ofis ortam\u0131m\u0131zda ve g\u00fcnl\u00fck i\u015fleyi\u015fimizde, hayvanlar\u0131n stresten uzak, g\u00fcvenli ve huzurlu bir ortamda bulunabilmesini \u00f6nemsiyoruz. Bu yakla\u015f\u0131m, \u00e7al\u0131\u015fan motivasyonunu art\u0131r\u0131rken, daha pozitif ve \u00fcretken bir i\u015f ortam\u0131 olu\u015fmas\u0131na da katk\u0131 sa\u011flamaktad\u0131r.<\/p><p data-start=\"1033\" data-end=\"1413\">Hayvan dostu duru\u015fumuz yaln\u0131zca ofis i\u00e7i uygulamalarla s\u0131n\u0131rl\u0131 de\u011fildir. Universal Etiket olarak, \u00e7evre ve do\u011fa bilinciyle hareket ederek s\u00fcrd\u00fcr\u00fclebilir \u00fcretim s\u00fcre\u00e7lerini destekliyor, dolayl\u0131 olarak t\u00fcm canl\u0131lar\u0131n ya\u015fam alanlar\u0131n\u0131n korunmas\u0131na katk\u0131 sa\u011flamay\u0131 hedefliyoruz. Do\u011faya sayg\u0131l\u0131 \u00fcretim anlay\u0131\u015f\u0131m\u0131z, hayvanlar\u0131n ya\u015fam alanlar\u0131na duydu\u011fumuz hassasiyetin bir yans\u0131mas\u0131d\u0131r.<\/p><p data-start=\"1415\" data-end=\"1655\">Ayr\u0131ca sosyal sorumluluk bilinciyle, hayvan haklar\u0131na dikkat \u00e7eken projeleri ve fark\u0131ndal\u0131k \u00e7al\u0131\u015fmalar\u0131n\u0131 desteklemeye \u00f6nem veriyoruz. Universal Etiket i\u00e7in hayvan dostu olmak, bir tercih de\u011fil, kurumsal de\u011ferlerimizin do\u011fal bir par\u00e7as\u0131d\u0131r.<\/p><p data-start=\"1657\" data-end=\"1830\">Daha ya\u015fanabilir bir d\u00fcnya i\u00e7in, insanlarla birlikte t\u00fcm canl\u0131lar\u0131n uyum i\u00e7inde var olabilece\u011fine inan\u0131yor; bu anlay\u0131\u015f\u0131 i\u015f yap\u0131\u015f \u015feklimize ve marka k\u00fclt\u00fcr\u00fcm\u00fcze yans\u0131t\u0131yoruz.<\/p>\t\t\t\t\t\t\t\t<\/div>\n\t\t\t\t<\/div>\n\t\t<div class=\"elementor-element elementor-element-a4fe752 e-con-full e-flex e-con e-child\" data-id=\"a4fe752\" data-element_type=\"container\">\n\t\t\t\t<div class=\"elementor-element elementor-element-41b36e1 elementor-widget elementor-widget-image\" data-id=\"41b36e1\" data-element_type=\"widget\" data-widget_type=\"image.default\">\n\t\t\t\t\t\t\t\t\t\t\t\t\t\t\t<img decoding=\"async\" width=\"800\" height=\"666\" src=\"https:\/\/universaletiket.com\/wp-content\/uploads\/2025\/12\/pet-friendly-1024x853.jpg\" class=\"attachment-large size-large wp-image-501\" alt=\"textile label turkey\" srcset=\"https:\/\/universaletiket.com\/wp-content\/uploads\/2025\/12\/pet-friendly-1024x853.jpg 1024w, https:\/\/universaletiket.com\/wp-content\/uploads\/2025\/12\/pet-friendly-300x250.jpg 300w, https:\/\/universaletiket.com\/wp-content\/uploads\/2025\/12\/pet-friendly-768x640.jpg 768w, https:\/\/universaletiket.com\/wp-content\/uploads\/2025\/12\/pet-friendly-1536x1279.jpg 1536w, https:\/\/universaletiket.com\/wp-content\/uploads\/2025\/12\/pet-friendly-2048x1706.jpg 2048w\" sizes=\"(max-width: 800px) 100vw, 800px\" \/>\t\t\t\t\t\t\t\t\t\t\t\t\t\t\t<\/div>\n\t\t\t\t<\/div>\n\t\t\t\t\t<\/div>\n\t\t\t\t<\/div>\n\t\t<div class=\"elementor-element elementor-element-23852a9 e-flex e-con-boxed e-con e-parent\" data-id=\"23852a9\" data-element_type=\"container\">\n\t\t\t\t\t<div class=\"e-con-inner\">\n\t\t\t\t<div class=\"elementor-element elementor-element-6e5f93e elementor-widget elementor-widget-image-gallery\" data-id=\"6e5f93e\" data-element_type=\"widget\" data-widget_type=\"image-gallery.default\">\n\t\t\t\t\t\t\t<div class=\"elementor-image-gallery\">\n\t\t\t<div id='gallery-1' class='gallery galleryid-108 gallery-columns-4 gallery-size-large'><figure class='gallery-item'>\n\t\t\t<div class='gallery-icon portrait'>\n\t\t\t\t<a data-elementor-open-lightbox=\"yes\" data-elementor-lightbox-slideshow=\"6e5f93e\" data-elementor-lightbox-title=\"Evident-RedemptionStatement-20250409_164626-1\" data-e-action-hash=\"#elementor-action%3Aaction%3Dlightbox%26settings%3DeyJpZCI6MTExLCJ1cmwiOiJodHRwczpcL1wvdW5pdmVyc2FsZXRpa2V0LmNvbVwvd3AtY29udGVudFwvdXBsb2Fkc1wvMjAyNVwvMTBcL0V2aWRlbnQtUmVkZW1wdGlvblN0YXRlbWVudC0yMDI1MDQwOV8xNjQ2MjYtMS5wbmciLCJzbGlkZXNob3ciOiI2ZTVmOTNlIn0%3D\" href=\"https:\/\/universaletiket.com\/wp-content\/uploads\/2025\/10\/Evident-RedemptionStatement-20250409_164626-1.png\"><img decoding=\"async\" width=\"724\" height=\"1024\" src=\"https:\/\/universaletiket.com\/wp-content\/uploads\/2025\/10\/Evident-RedemptionStatement-20250409_164626-1-724x1024.png\" class=\"attachment-large size-large\" alt=\"textile label turkey\" aria-describedby=\"gallery-1-111\" srcset=\"https:\/\/universaletiket.com\/wp-content\/uploads\/2025\/10\/Evident-RedemptionStatement-20250409_164626-1-724x1024.png 724w, https:\/\/universaletiket.com\/wp-content\/uploads\/2025\/10\/Evident-RedemptionStatement-20250409_164626-1-212x300.png 212w, https:\/\/universaletiket.com\/wp-content\/uploads\/2025\/10\/Evident-RedemptionStatement-20250409_164626-1-768x1086.png 768w, https:\/\/universaletiket.com\/wp-content\/uploads\/2025\/10\/Evident-RedemptionStatement-20250409_164626-1-1086x1536.png 1086w, https:\/\/universaletiket.com\/wp-content\/uploads\/2025\/10\/Evident-RedemptionStatement-20250409_164626-1-1448x2048.png 1448w, https:\/\/universaletiket.com\/wp-content\/uploads\/2025\/10\/Evident-RedemptionStatement-20250409_164626-1.png 1656w\" sizes=\"(max-width: 724px) 100vw, 724px\" \/><\/a>\n\t\t\t<\/div>\n\t\t\t\t<figcaption class='wp-caption-text gallery-caption' id='gallery-1-111'>\n\t\t\t\ttextile label turkey\n\t\t\t\t<\/figcaption><\/figure><figure class='gallery-item'>\n\t\t\t<div class='gallery-icon portrait'>\n\t\t\t\t<a data-elementor-open-lightbox=\"yes\" data-elementor-lightbox-slideshow=\"6e5f93e\" data-elementor-lightbox-title=\"22.HTR_.17770-2025-1\" data-e-action-hash=\"#elementor-action%3Aaction%3Dlightbox%26settings%3DeyJpZCI6MTEyLCJ1cmwiOiJodHRwczpcL1wvdW5pdmVyc2FsZXRpa2V0LmNvbVwvd3AtY29udGVudFwvdXBsb2Fkc1wvMjAyNVwvMTBcLzIyLkhUUl8uMTc3NzAtMjAyNS0xLnBuZyIsInNsaWRlc2hvdyI6IjZlNWY5M2UifQ%3D%3D\" href=\"https:\/\/universaletiket.com\/wp-content\/uploads\/2025\/10\/22.HTR_.17770-2025-1.png\"><img loading=\"lazy\" decoding=\"async\" width=\"724\" height=\"1024\" src=\"https:\/\/universaletiket.com\/wp-content\/uploads\/2025\/10\/22.HTR_.17770-2025-1-724x1024.png\" class=\"attachment-large size-large\" alt=\"textile label turkey\" aria-describedby=\"gallery-1-112\" srcset=\"https:\/\/universaletiket.com\/wp-content\/uploads\/2025\/10\/22.HTR_.17770-2025-1-724x1024.png 724w, https:\/\/universaletiket.com\/wp-content\/uploads\/2025\/10\/22.HTR_.17770-2025-1-212x300.png 212w, https:\/\/universaletiket.com\/wp-content\/uploads\/2025\/10\/22.HTR_.17770-2025-1-768x1087.png 768w, https:\/\/universaletiket.com\/wp-content\/uploads\/2025\/10\/22.HTR_.17770-2025-1-1086x1536.png 1086w, https:\/\/universaletiket.com\/wp-content\/uploads\/2025\/10\/22.HTR_.17770-2025-1-1447x2048.png 1447w, https:\/\/universaletiket.com\/wp-content\/uploads\/2025\/10\/22.HTR_.17770-2025-1.png 1653w\" sizes=\"(max-width: 724px) 100vw, 724px\" \/><\/a>\n\t\t\t<\/div>\n\t\t\t\t<figcaption class='wp-caption-text gallery-caption' id='gallery-1-112'>\n\t\t\t\ttextile label turkey\n\t\t\t\t<\/figcaption><\/figure>\n\t\t<\/div>\n\t\t<\/div>\n\t\t\t\t\t\t<\/div>\n\t\t\t\t\t<\/div>\n\t\t\t\t<\/div>\n\t\t\t\t<\/div>\n\t\t","protected":false},"excerpt":{"rendered":"<p>Universal Etiket, markalar\u0131n kendilerini en do\u011fru ve etkili \u015fekilde ifade edebilmeleri i\u00e7in \u00f6zel etiket \u00e7\u00f6z\u00fcmleri sunan, tekstil etiketleri alan\u0131nda uzman bir \u00fcreticidir. Y\u0131llara dayanan sekt\u00f6r tecr\u00fcbemizle, markalar\u0131n kalite alg\u0131s\u0131n\u0131 g\u00fc\u00e7lendiren, estetik ve dayan\u0131kl\u0131 etiketler tasarl\u0131yor ve \u00fcretiyoruz. T\u00fcrkiye merkezli bir firma olarak, \u00f6zellikle dokuma etiket (woven label turkey) ve tekstil etiket (textile label turkey) \u00fcretiminde [&hellip;]<\/p>\n","protected":false},"author":1,"featured_media":0,"parent":0,"menu_order":0,"comment_status":"closed","ping_status":"closed","template":"","meta":{"footnotes":""},"class_list":["post-108","page","type-page","status-publish","hentry"],"_links":{"self":[{"href":"https:\/\/universaletiket.com\/tr\/wp-json\/wp\/v2\/pages\/108","targetHints":{"allow":["GET"]}}],"collection":[{"href":"https:\/\/universaletiket.com\/tr\/wp-json\/wp\/v2\/pages"}],"about":[{"href":"https:\/\/universaletiket.com\/tr\/wp-json\/wp\/v2\/types\/page"}],"author":[{"embeddable":true,"href":"https:\/\/universaletiket.com\/tr\/wp-json\/wp\/v2\/users\/1"}],"replies":[{"embeddable":true,"href":"https:\/\/universaletiket.com\/tr\/wp-json\/wp\/v2\/comments?post=108"}],"version-history":[{"count":0,"href":"https:\/\/universaletiket.com\/tr\/wp-json\/wp\/v2\/pages\/108\/revisions"}],"wp:attachment":[{"href":"https:\/\/universaletiket.com\/tr\/wp-json\/wp\/v2\/media?parent=108"}],"curies":[{"name":"wp","href":"https:\/\/api.w.org\/{rel}","templated":true}]}}