{"id":877,"date":"2025-10-23T16:03:17","date_gmt":"2025-10-23T13:03:17","guid":{"rendered":"https:\/\/universaletiket.com\/certificates\/"},"modified":"2026-03-11T23:39:55","modified_gmt":"2026-03-11T20:39:55","slug":"%d1%81%d0%b5%d1%80%d1%82%d0%b8%d1%84%d0%b8%d0%ba%d0%b0%d1%82%d1%8b","status":"publish","type":"page","link":"https:\/\/universaletiket.com\/ru\/%d1%81%d0%b5%d1%80%d1%82%d0%b8%d1%84%d0%b8%d0%ba%d0%b0%d1%82%d1%8b\/","title":{"rendered":"\u0421\u0435\u0440\u0442\u0438\u0444\u0438\u043a\u0430\u0442\u044b"},"content":{"rendered":"\t\t<div data-elementor-type=\"wp-page\" data-elementor-id=\"877\" class=\"elementor elementor-877 elementor-171\" data-elementor-post-type=\"page\">\n\t\t\t\t<div class=\"elementor-element elementor-element-112e0f1 e-flex e-con-boxed e-con e-parent\" data-id=\"112e0f1\" data-element_type=\"container\" data-settings=\"{&quot;background_background&quot;:&quot;classic&quot;}\">\n\t\t\t\t\t<div class=\"e-con-inner\">\n\t\t\t\t\t<\/div>\n\t\t\t\t<\/div>\n\t\t<div class=\"elementor-element elementor-element-23852a9 e-flex e-con-boxed e-con e-parent\" data-id=\"23852a9\" data-element_type=\"container\">\n\t\t\t\t\t<div class=\"e-con-inner\">\n\t\t\t\t<div class=\"elementor-element elementor-element-6e5f93e gallery-spacing-custom elementor-widget elementor-widget-image-gallery\" data-id=\"6e5f93e\" data-element_type=\"widget\" data-widget_type=\"image-gallery.default\">\n\t\t\t\t\t\t\t<div class=\"elementor-image-gallery\">\n\t\t\t<div id='gallery-1' class='gallery galleryid-877 gallery-columns-6 gallery-size-large'><figure class='gallery-item'>\n\t\t\t<div class='gallery-icon portrait'>\n\t\t\t\t<a data-elementor-open-lightbox=\"yes\" data-elementor-lightbox-slideshow=\"6e5f93e\" data-elementor-lightbox-title=\"22.HTR.17770 - 2026_page-0001\" data-e-action-hash=\"#elementor-action%3Aaction%3Dlightbox%26settings%3DeyJpZCI6NDIyLCJ1cmwiOiJodHRwczpcL1wvdW5pdmVyc2FsZXRpa2V0LmNvbVwvd3AtY29udGVudFwvdXBsb2Fkc1wvMjAyNVwvMTFcLzIyLkhUUl8uMTc3NzAtMjAyNl9wYWdlLTAwMDEuanBnIiwic2xpZGVzaG93IjoiNmU1ZjkzZSJ9\" href='https:\/\/universaletiket.com\/wp-content\/uploads\/2025\/11\/22.HTR_.17770-2026_page-0001.jpg'><img fetchpriority=\"high\" decoding=\"async\" width=\"725\" height=\"1024\" src=\"https:\/\/universaletiket.com\/wp-content\/uploads\/2025\/11\/22.HTR_.17770-2026_page-0001-725x1024.jpg\" class=\"attachment-large size-large\" alt=\"Sertifikalar\u0131m\u0131z\" aria-describedby=\"gallery-1-422\" srcset=\"https:\/\/universaletiket.com\/wp-content\/uploads\/2025\/11\/22.HTR_.17770-2026_page-0001-725x1024.jpg 725w, https:\/\/universaletiket.com\/wp-content\/uploads\/2025\/11\/22.HTR_.17770-2026_page-0001-212x300.jpg 212w, https:\/\/universaletiket.com\/wp-content\/uploads\/2025\/11\/22.HTR_.17770-2026_page-0001-768x1085.jpg 768w, https:\/\/universaletiket.com\/wp-content\/uploads\/2025\/11\/22.HTR_.17770-2026_page-0001-1087x1536.jpg 1087w, https:\/\/universaletiket.com\/wp-content\/uploads\/2025\/11\/22.HTR_.17770-2026_page-0001.jpg 1241w\" sizes=\"(max-width: 725px) 100vw, 725px\" \/><\/a>\n\t\t\t<\/div>\n\t\t\t\t<figcaption class='wp-caption-text gallery-caption' id='gallery-1-422'>\n\t\t\t\tSertifikalar\u0131m\u0131z\n\t\t\t\t<\/figcaption><\/figure><figure class='gallery-item'>\n\t\t\t<div class='gallery-icon portrait'>\n\t\t\t\t<a data-elementor-open-lightbox=\"yes\" data-elementor-lightbox-slideshow=\"6e5f93e\" data-elementor-lightbox-title=\"UNIVERSAL ET\u0130KET ISO_page-0001\" data-e-action-hash=\"#elementor-action%3Aaction%3Dlightbox%26settings%3DeyJpZCI6NDIxLCJ1cmwiOiJodHRwczpcL1wvdW5pdmVyc2FsZXRpa2V0LmNvbVwvd3AtY29udGVudFwvdXBsb2Fkc1wvMjAyNVwvMTFcL1VOSVZFUlNBTC1FVElLRVQtSVNPX3BhZ2UtMDAwMS5qcGciLCJzbGlkZXNob3ciOiI2ZTVmOTNlIn0%3D\" href='https:\/\/universaletiket.com\/wp-content\/uploads\/2025\/11\/UNIVERSAL-ETIKET-ISO_page-0001.jpg'><img decoding=\"async\" width=\"724\" height=\"1024\" src=\"https:\/\/universaletiket.com\/wp-content\/uploads\/2025\/11\/UNIVERSAL-ETIKET-ISO_page-0001-724x1024.jpg\" class=\"attachment-large size-large\" alt=\"Sertifikalar\u0131m\u0131z\" aria-describedby=\"gallery-1-421\" srcset=\"https:\/\/universaletiket.com\/wp-content\/uploads\/2025\/11\/UNIVERSAL-ETIKET-ISO_page-0001-724x1024.jpg 724w, https:\/\/universaletiket.com\/wp-content\/uploads\/2025\/11\/UNIVERSAL-ETIKET-ISO_page-0001-212x300.jpg 212w, https:\/\/universaletiket.com\/wp-content\/uploads\/2025\/11\/UNIVERSAL-ETIKET-ISO_page-0001-768x1086.jpg 768w, https:\/\/universaletiket.com\/wp-content\/uploads\/2025\/11\/UNIVERSAL-ETIKET-ISO_page-0001-1086x1536.jpg 1086w, https:\/\/universaletiket.com\/wp-content\/uploads\/2025\/11\/UNIVERSAL-ETIKET-ISO_page-0001.jpg 1240w\" sizes=\"(max-width: 724px) 100vw, 724px\" \/><\/a>\n\t\t\t<\/div>\n\t\t\t\t<figcaption class='wp-caption-text gallery-caption' id='gallery-1-421'>\n\t\t\t\tSertifikalar\u0131m\u0131z\n\t\t\t\t<\/figcaption><\/figure><figure class='gallery-item'>\n\t\t\t<div class='gallery-icon portrait'>\n\t\t\t\t<a data-elementor-open-lightbox=\"yes\" data-elementor-lightbox-slideshow=\"6e5f93e\" data-elementor-lightbox-title=\"UNIVERSAL ET\u0130KET ISO_page-0002\" data-e-action-hash=\"#elementor-action%3Aaction%3Dlightbox%26settings%3DeyJpZCI6NDE3LCJ1cmwiOiJodHRwczpcL1wvdW5pdmVyc2FsZXRpa2V0LmNvbVwvd3AtY29udGVudFwvdXBsb2Fkc1wvMjAyNVwvMTFcL1VOSVZFUlNBTC1FVElLRVQtSVNPX3BhZ2UtMDAwMi5qcGciLCJzbGlkZXNob3ciOiI2ZTVmOTNlIn0%3D\" href='https:\/\/universaletiket.com\/wp-content\/uploads\/2025\/11\/UNIVERSAL-ETIKET-ISO_page-0002.jpg'><img decoding=\"async\" width=\"724\" height=\"1024\" src=\"https:\/\/universaletiket.com\/wp-content\/uploads\/2025\/11\/UNIVERSAL-ETIKET-ISO_page-0002-724x1024.jpg\" class=\"attachment-large size-large\" alt=\"Sertifikalar\u0131m\u0131z\" aria-describedby=\"gallery-1-417\" srcset=\"https:\/\/universaletiket.com\/wp-content\/uploads\/2025\/11\/UNIVERSAL-ETIKET-ISO_page-0002-724x1024.jpg 724w, https:\/\/universaletiket.com\/wp-content\/uploads\/2025\/11\/UNIVERSAL-ETIKET-ISO_page-0002-212x300.jpg 212w, https:\/\/universaletiket.com\/wp-content\/uploads\/2025\/11\/UNIVERSAL-ETIKET-ISO_page-0002-768x1086.jpg 768w, https:\/\/universaletiket.com\/wp-content\/uploads\/2025\/11\/UNIVERSAL-ETIKET-ISO_page-0002-1086x1536.jpg 1086w, https:\/\/universaletiket.com\/wp-content\/uploads\/2025\/11\/UNIVERSAL-ETIKET-ISO_page-0002.jpg 1240w\" sizes=\"(max-width: 724px) 100vw, 724px\" \/><\/a>\n\t\t\t<\/div>\n\t\t\t\t<figcaption class='wp-caption-text gallery-caption' id='gallery-1-417'>\n\t\t\t\tSertifikalar\u0131m\u0131z\n\t\t\t\t<\/figcaption><\/figure><figure class='gallery-item'>\n\t\t\t<div class='gallery-icon portrait'>\n\t\t\t\t<a data-elementor-open-lightbox=\"yes\" data-elementor-lightbox-slideshow=\"6e5f93e\" data-elementor-lightbox-title=\"UNIVERSAL ET\u0130KET ISO_page-0003\" data-e-action-hash=\"#elementor-action%3Aaction%3Dlightbox%26settings%3DeyJpZCI6NDE4LCJ1cmwiOiJodHRwczpcL1wvdW5pdmVyc2FsZXRpa2V0LmNvbVwvd3AtY29udGVudFwvdXBsb2Fkc1wvMjAyNVwvMTFcL1VOSVZFUlNBTC1FVElLRVQtSVNPX3BhZ2UtMDAwMy5qcGciLCJzbGlkZXNob3ciOiI2ZTVmOTNlIn0%3D\" href='https:\/\/universaletiket.com\/wp-content\/uploads\/2025\/11\/UNIVERSAL-ETIKET-ISO_page-0003.jpg'><img loading=\"lazy\" decoding=\"async\" width=\"724\" height=\"1024\" src=\"https:\/\/universaletiket.com\/wp-content\/uploads\/2025\/11\/UNIVERSAL-ETIKET-ISO_page-0003-724x1024.jpg\" class=\"attachment-large size-large\" alt=\"Sertifikalar\u0131m\u0131z\" aria-describedby=\"gallery-1-418\" srcset=\"https:\/\/universaletiket.com\/wp-content\/uploads\/2025\/11\/UNIVERSAL-ETIKET-ISO_page-0003-724x1024.jpg 724w, https:\/\/universaletiket.com\/wp-content\/uploads\/2025\/11\/UNIVERSAL-ETIKET-ISO_page-0003-212x300.jpg 212w, https:\/\/universaletiket.com\/wp-content\/uploads\/2025\/11\/UNIVERSAL-ETIKET-ISO_page-0003-768x1086.jpg 768w, https:\/\/universaletiket.com\/wp-content\/uploads\/2025\/11\/UNIVERSAL-ETIKET-ISO_page-0003-1086x1536.jpg 1086w, https:\/\/universaletiket.com\/wp-content\/uploads\/2025\/11\/UNIVERSAL-ETIKET-ISO_page-0003.jpg 1240w\" sizes=\"(max-width: 724px) 100vw, 724px\" \/><\/a>\n\t\t\t<\/div>\n\t\t\t\t<figcaption class='wp-caption-text gallery-caption' id='gallery-1-418'>\n\t\t\t\tSertifikalar\u0131m\u0131z\n\t\t\t\t<\/figcaption><\/figure><figure class='gallery-item'>\n\t\t\t<div class='gallery-icon portrait'>\n\t\t\t\t<a data-elementor-open-lightbox=\"yes\" data-elementor-lightbox-slideshow=\"6e5f93e\" data-elementor-lightbox-title=\"Evident-RedemptionStatement-20250409_164626_page-0001\" data-e-action-hash=\"#elementor-action%3Aaction%3Dlightbox%26settings%3DeyJpZCI6ODQ0LCJ1cmwiOiJodHRwczpcL1wvdW5pdmVyc2FsZXRpa2V0LmNvbVwvd3AtY29udGVudFwvdXBsb2Fkc1wvMjAyNlwvMDFcL0V2aWRlbnQtUmVkZW1wdGlvblN0YXRlbWVudC0yMDI1MDQwOV8xNjQ2MjZfcGFnZS0wMDAxLmpwZyIsInNsaWRlc2hvdyI6IjZlNWY5M2UifQ%3D%3D\" href='https:\/\/universaletiket.com\/wp-content\/uploads\/2026\/01\/Evident-RedemptionStatement-20250409_164626_page-0001.jpg'><img loading=\"lazy\" decoding=\"async\" width=\"724\" height=\"1024\" src=\"https:\/\/universaletiket.com\/wp-content\/uploads\/2026\/01\/Evident-RedemptionStatement-20250409_164626_page-0001-724x1024.jpg\" class=\"attachment-large size-large\" alt=\"\" srcset=\"https:\/\/universaletiket.com\/wp-content\/uploads\/2026\/01\/Evident-RedemptionStatement-20250409_164626_page-0001-724x1024.jpg 724w, https:\/\/universaletiket.com\/wp-content\/uploads\/2026\/01\/Evident-RedemptionStatement-20250409_164626_page-0001-212x300.jpg 212w, https:\/\/universaletiket.com\/wp-content\/uploads\/2026\/01\/Evident-RedemptionStatement-20250409_164626_page-0001-768x1086.jpg 768w, https:\/\/universaletiket.com\/wp-content\/uploads\/2026\/01\/Evident-RedemptionStatement-20250409_164626_page-0001-1086x1536.jpg 1086w, https:\/\/universaletiket.com\/wp-content\/uploads\/2026\/01\/Evident-RedemptionStatement-20250409_164626_page-0001.jpg 1242w\" sizes=\"(max-width: 724px) 100vw, 724px\" \/><\/a>\n\t\t\t<\/div><\/figure>\n\t\t<\/div>\n\t\t<\/div>\n\t\t\t\t\t\t<\/div>\n\t\t\t\t\t<\/div>\n\t\t\t\t<\/div>\n\t\t\t\t<\/div>\n\t\t","protected":false},"excerpt":{"rendered":"<p>Sertifikalar\u0131m\u0131z Sertifikalar\u0131m\u0131z Sertifikalar\u0131m\u0131z Sertifikalar\u0131m\u0131z<\/p>\n","protected":false},"author":1,"featured_media":0,"parent":0,"menu_order":0,"comment_status":"closed","ping_status":"closed","template":"","meta":{"footnotes":""},"class_list":["post-877","page","type-page","status-publish","hentry"],"_links":{"self":[{"href":"https:\/\/universaletiket.com\/ru\/wp-json\/wp\/v2\/pages\/877","targetHints":{"allow":["GET"]}}],"collection":[{"href":"https:\/\/universaletiket.com\/ru\/wp-json\/wp\/v2\/pages"}],"about":[{"href":"https:\/\/universaletiket.com\/ru\/wp-json\/wp\/v2\/types\/page"}],"author":[{"embeddable":true,"href":"https:\/\/universaletiket.com\/ru\/wp-json\/wp\/v2\/users\/1"}],"replies":[{"embeddable":true,"href":"https:\/\/universaletiket.com\/ru\/wp-json\/wp\/v2\/comments?post=877"}],"version-history":[{"count":2,"href":"https:\/\/universaletiket.com\/ru\/wp-json\/wp\/v2\/pages\/877\/revisions"}],"predecessor-version":[{"id":880,"href":"https:\/\/universaletiket.com\/ru\/wp-json\/wp\/v2\/pages\/877\/revisions\/880"}],"wp:attachment":[{"href":"https:\/\/universaletiket.com\/ru\/wp-json\/wp\/v2\/media?parent=877"}],"curies":[{"name":"wp","href":"https:\/\/api.w.org\/{rel}","templated":true}]}}